{"id":2,"date":"2015-10-03T19:59:44","date_gmt":"2015-10-03T19:59:44","guid":{"rendered":"http:\/\/totaltheme.wpengine.com\/corporate\/?page_id=2"},"modified":"2020-12-17T17:19:41","modified_gmt":"2020-12-17T22:19:41","slug":"home","status":"publish","type":"page","link":"https:\/\/www.jabinandfleming.com\/es\/","title":{"rendered":"Home"},"content":{"rendered":"<div class=\"vc_row wpb_row vc_row-fluid vc_custom_1608132139512 wpex-vc-row-boxed-layout-stretched vc_row-no-padding\"><div class=\"wpb_column vc_column_container vc_col-sm-12\"><div class=\"vc_column-inner\"><div class=\"wpb_wrapper\">\n\t<div  class=\"wpb_single_image wpb_content_element vc_align_\">\n\t\t\n\t\t<figure class=\"wpb_wrapper vc_figure\">\n\t\t\t<div class=\"vc_single_image-wrapper   vc_box_border_grey\"><img loading=\"lazy\" decoding=\"async\" width=\"1600\" height=\"400\" src=\"https:\/\/www.jabinandfleming.com\/wp-content\/uploads\/2020\/12\/signatures1600.jpg\" class=\"vc_single_image-img attachment-full\" alt=\"\" srcset=\"https:\/\/www.jabinandfleming.com\/wp-content\/uploads\/2020\/12\/signatures1600.jpg 1600w, https:\/\/www.jabinandfleming.com\/wp-content\/uploads\/2020\/12\/signatures1600-300x75.jpg 300w, https:\/\/www.jabinandfleming.com\/wp-content\/uploads\/2020\/12\/signatures1600-1024x256.jpg 1024w, https:\/\/www.jabinandfleming.com\/wp-content\/uploads\/2020\/12\/signatures1600-768x192.jpg 768w, https:\/\/www.jabinandfleming.com\/wp-content\/uploads\/2020\/12\/signatures1600-1536x384.jpg 1536w\" sizes=\"auto, (max-width: 1600px) 100vw, 1600px\" \/><\/div>\n\t\t<\/figure>\n\t<\/div>\n<\/div><\/div><\/div><\/div><div class=\"vc_row wpb_row vc_row-fluid vc_custom_1608133240809\"><div class=\"wpb_column vc_column_container vc_col-sm-12\"><div class=\"vc_column-inner\"><div class=\"wpb_wrapper\"><h1 class=\"vcex-module vcex-heading wpex-text-2xl wpex-font-normal wpex-m-auto wpex-max-w-100 vcex-heading-plain wpex-block wpex-text-center\" style=\"font-size:2em;\"><span class=\"vcex-heading-inner wpex-inline-block wpex-clr\">Jabin &amp; Fleming es una oficina legal de lesiones personales con abogados locales.<br \/>\nNuestros clientes tienen la m\u00e1xima prioridad. Estamos aqu\u00ed para ayudar.<\/span><\/h1><div class=\"vc_separator wpb_content_element vc_separator_align_center vc_sep_width_100 vc_sep_border_width_3 vc_sep_pos_align_center vc_separator_no_text vc_custom_1608132397588  vc_custom_1608132397588\" ><span class=\"vc_sep_holder vc_sep_holder_l\"><span  style=\"border-color:#0f3a69;\" class=\"vc_sep_line\"><\/span><\/span><span class=\"vc_sep_holder vc_sep_holder_r\"><span  style=\"border-color:#0f3a69;\" class=\"vc_sep_line\"><\/span><\/span>\n<\/div><div class=\"vc_empty_space\"   style=\"height: 20px\"><span class=\"vc_empty_space_inner\"><\/span><\/div>\n\t<div style=\"text-align:center;\" class=\"wpb_text_column wpb_content_element  homenarrrow\" >\n\t\t<div class=\"wpb_wrapper\">\n\t\t\t<h2>Jabin &amp; Fleming se especializa en accidentes automovil\u00edsticos, resbalones y ca\u00eddas, tropiezos y ca\u00eddas, y otros casos de lesiones, y la defensa de todos los cargos criminales.<\/h2>\n\n\t\t<\/div>\n\t<\/div>\n<div class=\"vc_empty_space\"   style=\"height: 20px\"><span class=\"vc_empty_space_inner\"><\/span><\/div><div class=\"textcenter theme-button-wrap wpex-clr\"><a href=\"\/legal-services\/\" class=\"vcex-button theme-button align-center inline\"><span class=\"theme-button-inner\">Lee mas<\/span><\/a><\/div> <\/div><\/div><\/div><\/div><div class=\"vc_row wpb_row vc_row-fluid vc_custom_1608133200642 tablet-fullwidth-columns\"><div class=\"wpb_column vc_column_container vc_col-sm-2\"><div class=\"vc_column-inner\"><div class=\"wpb_wrapper\"><div class=\"vcex-module vcex-icon-box vcex-icon-box-two wpex-relative wpex-text-center vc_custom_1608135560143\"><div class=\"vcex-icon-box-symbol wpex-mb-20\"><a href=\"\/legal-services\/\" class=\"wpex-no-underline\"><div class=\"vcex-icon-box-icon wpex-inline-block wpex-child-inherit-color wpex-text-center wpex-leading-none\" style=\"color:#ffffff;font-size:48px;border-radius:50%;background:#0f3a69;width:100px;height:100px;line-height:100px;\"><span class=\"fas fa-briefcase-medical\" aria-hidden=\"true\"><\/span><\/div><\/a><\/div><div class=\"vcex-icon-box-text\"><a href=\"\/legal-services\/\" class=\"vcex-icon-box-link wpex-no-underline\"><h2 class=\"vcex-icon-box-heading wpex-heading wpex-text-md wpex-mb-10\">Lesiones personales<\/h2><\/a><\/div><\/div><\/div><\/div><\/div><div class=\"wpb_column vc_column_container vc_col-sm-2\"><div class=\"vc_column-inner\"><div class=\"wpb_wrapper\"><div class=\"vcex-module vcex-icon-box vcex-icon-box-two wpex-relative wpex-text-center vc_custom_1608135574200\"><div class=\"vcex-icon-box-symbol wpex-mb-20\"><a href=\"\/legal-services\/\" class=\"wpex-no-underline\"><div class=\"vcex-icon-box-icon wpex-inline-block wpex-child-inherit-color wpex-text-center wpex-leading-none\" style=\"color:#ffffff;font-size:48px;border-radius:50%;background:#0f3a69;width:100px;height:100px;line-height:100px;\"><span class=\"fas fa-user-friends\" aria-hidden=\"true\"><\/span><\/div><\/a><\/div><div class=\"vcex-icon-box-text\"><a href=\"\/legal-services\/\" class=\"vcex-icon-box-link wpex-no-underline\"><h2 class=\"vcex-icon-box-heading wpex-heading wpex-text-md wpex-mb-10\">Compensaci\u00f3n del trabajador<\/h2><\/a><\/div><\/div><\/div><\/div><\/div><div class=\"wpb_column vc_column_container vc_col-sm-2\"><div class=\"vc_column-inner\"><div class=\"wpb_wrapper\"><div class=\"vcex-module vcex-icon-box vcex-icon-box-two wpex-relative wpex-text-center vc_custom_1608135578817\"><div class=\"vcex-icon-box-symbol wpex-mb-20\"><a href=\"\/legal-services\/\" class=\"wpex-no-underline\"><div class=\"vcex-icon-box-icon wpex-inline-block wpex-child-inherit-color wpex-text-center wpex-leading-none\" style=\"color:#ffffff;font-size:48px;border-radius:50%;background:#0f3a69;width:100px;height:100px;line-height:100px;\"><span class=\"fas fa-gavel\" aria-hidden=\"true\"><\/span><\/div><\/a><\/div><div class=\"vcex-icon-box-text\"><a href=\"\/legal-services\/\" class=\"vcex-icon-box-link wpex-no-underline\"><h2 class=\"vcex-icon-box-heading wpex-heading wpex-text-md wpex-mb-10\">Defensa criminal<\/h2><\/a><\/div><\/div><\/div><\/div><\/div><div class=\"wpb_column vc_column_container vc_col-sm-2\"><div class=\"vc_column-inner\"><div class=\"wpb_wrapper\"><div class=\"vcex-module vcex-icon-box vcex-icon-box-two wpex-relative wpex-text-center vc_custom_1608135583688\"><div class=\"vcex-icon-box-symbol wpex-mb-20\"><a href=\"\/legal-services\/\" class=\"wpex-no-underline\"><div class=\"vcex-icon-box-icon wpex-inline-block wpex-child-inherit-color wpex-text-center wpex-leading-none\" style=\"color:#ffffff;font-size:48px;border-radius:50%;background:#0f3a69;width:100px;height:100px;line-height:100px;\"><span class=\"fas fa-car-alt\" aria-hidden=\"true\"><\/span><\/div><\/a><\/div><div class=\"vcex-icon-box-text\"><a href=\"\/legal-services\/\" class=\"vcex-icon-box-link wpex-no-underline\"><h2 class=\"vcex-icon-box-heading wpex-heading wpex-text-md wpex-mb-10\">Casos de tr\u00e1fico<\/h2><\/a><\/div><\/div><\/div><\/div><\/div><div class=\"wpb_column vc_column_container vc_col-sm-2\"><div class=\"vc_column-inner\"><div class=\"wpb_wrapper\"><div class=\"vcex-module vcex-icon-box vcex-icon-box-two wpex-relative wpex-text-center vc_custom_1608135598247\"><div class=\"vcex-icon-box-symbol wpex-mb-20\"><a href=\"\/legal-services\/\" class=\"wpex-no-underline\"><div class=\"vcex-icon-box-icon wpex-inline-block wpex-child-inherit-color wpex-text-center wpex-leading-none\" style=\"color:#ffffff;font-size:48px;border-radius:50%;background:#0f3a69;width:100px;height:100px;line-height:100px;\"><span class=\"fas fa-landmark\" aria-hidden=\"true\"><\/span><\/div><\/a><\/div><div class=\"vcex-icon-box-text\"><a href=\"\/legal-services\/\" class=\"vcex-icon-box-link wpex-no-underline\"><h2 class=\"vcex-icon-box-heading wpex-heading wpex-text-md wpex-mb-10\">Bienes ra\u00edces<\/h2><\/a><\/div><\/div><\/div><\/div><\/div><div class=\"wpb_column vc_column_container vc_col-sm-2\"><div class=\"vc_column-inner\"><div class=\"wpb_wrapper\"><div class=\"vcex-module vcex-icon-box vcex-icon-box-two wpex-relative wpex-text-center vc_custom_1608135603720\"><div class=\"vcex-icon-box-symbol wpex-mb-20\"><a href=\"\/legal-services\/\" class=\"wpex-no-underline\"><div class=\"vcex-icon-box-icon wpex-inline-block wpex-child-inherit-color wpex-text-center wpex-leading-none\" style=\"color:#ffffff;font-size:48px;border-radius:50%;background:#0f3a69;width:100px;height:100px;line-height:100px;\"><span class=\"fas fa-balance-scale\" aria-hidden=\"true\"><\/span><\/div><\/a><\/div><div class=\"vcex-icon-box-text\"><a href=\"\/legal-services\/\" class=\"vcex-icon-box-link wpex-no-underline\"><h2 class=\"vcex-icon-box-heading wpex-heading wpex-text-md wpex-mb-10\">Litigaci\u00f3n General<\/h2><\/a><\/div><\/div><\/div><\/div><\/div><\/div><div class=\"vc_row wpb_row vc_row-fluid\"><div class=\"wpb_column vc_column_container vc_col-sm-12\"><div class=\"vc_column-inner\"><div class=\"wpb_wrapper\"><div class=\"owl-wrapper-outer\"><div class=\"theme-heading plain vcex-module-heading vcex_testimonials_carousel-heading\"><span class=\"text\">Testimonios de Clientes<\/span><\/div><div class=\"vcex-module wpex-carousel vcex-testimonials-carousel owl-carousel wpex-clr arrwstyle-slim arrwpos-center\" data-wpex-carousel=\"{&quot;nav&quot;:true,&quot;dots&quot;:false,&quot;autoplay&quot;:true,&quot;loop&quot;:true,&quot;center&quot;:true,&quot;smartSpeed&quot;:250,&quot;items&quot;:1,&quot;slideBy&quot;:1,&quot;autoplayTimeout&quot;:15000,&quot;margin&quot;:15,&quot;itemsTablet&quot;:1,&quot;itemsMobileLandscape&quot;:1,&quot;itemsMobilePortrait&quot;:1,&quot;autoHeight&quot;:true}\"><div class=\"wpex-carousel-slide\"><div class=\"testimonial-entry post-219 testimonials type-testimonials status-publish hentry entry no-media\"><div class=\"testimonial-entry-content wpex-relative wpex-boxed wpex-border-0 wpex-clr\"><span class=\"testimonial-caret\"><\/span><h2 class=\"testimonial-entry-title entry-title wpex-mb-10\">\u00a1GRAN ABOGADO!<\/h2><div class=\"testimonial-entry-details testimonial-entry-text wpex-last-mb-0 wpex-clr\"><p>Tuve un accidente automovil\u00edstico, y Chris era mi abogado. Fue muy f\u00e1cil hablar con \u00e9l, y siempre respondi\u00f3 mis preguntas. \u00c9l me consigui\u00f3 una muy buena recuperaci\u00f3n. Lo recomiendo a todos mis amigos y familiares.<\/p>\n<\/div><\/div><div class=\"testimonial-entry-bottom wpex-flex wpex-flex-wrap wpex-mt-20\"><div class=\"testimonial-entry-meta wpex-flex-grow\"><\/div><\/div><\/div><\/div><div class=\"wpex-carousel-slide\"><div class=\"testimonial-entry post-210 testimonials type-testimonials status-publish hentry entry no-media\"><div class=\"testimonial-entry-content wpex-relative wpex-boxed wpex-border-0 wpex-clr\"><span class=\"testimonial-caret\"><\/span><h2 class=\"testimonial-entry-title entry-title wpex-mb-10\">EXCELENTE, BIEN INFORMADO<\/h2><div class=\"testimonial-entry-details testimonial-entry-text wpex-last-mb-0 wpex-clr\"><div class=\"fw-text-box tf-sh-dad72359ff86748a9b503f361241e225\">\n<div class=\"fw-text-inner\">\n<p>Fleming fue el \u00fanico abogado (de los diez que llam\u00e9) que estaba positivamente 99.9 seguro de que \u00e9l puede tomar mi caso pagar algunas multas y mantener mi vida en movimiento. Su paralegal Aida es muy atenta y cort\u00e9s siempre hace tiempo para las preocupaciones de estas personas que son de la calidad de Mercedes Benz. \u00a1Gracias de nuevo por su gran servicio!<\/p>\n<\/div>\n<\/div>\n<\/div><\/div><div class=\"testimonial-entry-bottom wpex-flex wpex-flex-wrap wpex-mt-20\"><div class=\"testimonial-entry-meta wpex-flex-grow\"><\/div><\/div><\/div><\/div><div class=\"wpex-carousel-slide\"><div class=\"testimonial-entry post-215 testimonials type-testimonials status-publish hentry entry no-media\"><div class=\"testimonial-entry-content wpex-relative wpex-boxed wpex-border-0 wpex-clr\"><span class=\"testimonial-caret\"><\/span><h2 class=\"testimonial-entry-title entry-title wpex-mb-10\">CONTRATA A ESTE ABOGADO!<\/h2><div class=\"testimonial-entry-details testimonial-entry-text wpex-last-mb-0 wpex-clr\"><p>Chris me ha representado durante a\u00f1os. \u00c9l siempre ha estado ah\u00ed para ayudarme y me ha ayudado tantas veces. Siempre hace tiempo para verme o atender mis llamadas. Es incre\u00edble verlo en el tribunal. Abogado muy conocedor e inteligente.<\/p>\n<\/div><\/div><div class=\"testimonial-entry-bottom wpex-flex wpex-flex-wrap wpex-mt-20\"><div class=\"testimonial-entry-meta wpex-flex-grow\"><\/div><\/div><\/div><\/div><div class=\"wpex-carousel-slide\"><div class=\"testimonial-entry post-217 testimonials type-testimonials status-publish hentry entry no-media\"><div class=\"testimonial-entry-content wpex-relative wpex-boxed wpex-border-0 wpex-clr\"><span class=\"testimonial-caret\"><\/span><h2 class=\"testimonial-entry-title entry-title wpex-mb-10\">RECOMENDADO<\/h2><div class=\"testimonial-entry-details testimonial-entry-text wpex-last-mb-0 wpex-clr\"><p>Chris me represent\u00f3 por un incidente que ocurri\u00f3 el a\u00f1o pasado. \u00c9l fue incre\u00edble. Tengo los cargos desestimados. \u00a1Lo recomiendo totalmente!<\/p>\n<\/div><\/div><div class=\"testimonial-entry-bottom wpex-flex wpex-flex-wrap wpex-mt-20\"><div class=\"testimonial-entry-meta wpex-flex-grow\"><\/div><\/div><\/div><\/div><\/div><\/div><\/div><\/div><\/div><\/div><div class=\"vc_row wpb_row vc_row-fluid vc_custom_1608240525724 wpex-vc-row-boxed-layout-stretched vc_row-no-padding\"><div class=\"wpb_column vc_column_container vc_col-sm-12\"><div class=\"vc_column-inner vc_custom_1608240590649\"><div class=\"wpb_wrapper\">\n\t<div  class=\"wpb_single_image wpb_content_element vc_align_\">\n\t\t\n\t\t<figure class=\"wpb_wrapper vc_figure\">\n\t\t\t<div class=\"vc_single_image-wrapper   vc_box_border_grey\"><img loading=\"lazy\" decoding=\"async\" width=\"1913\" height=\"696\" src=\"https:\/\/www.jabinandfleming.com\/wp-content\/uploads\/2020\/12\/gavel-3575414_1920.jpg\" class=\"vc_single_image-img attachment-full\" alt=\"\" srcset=\"https:\/\/www.jabinandfleming.com\/wp-content\/uploads\/2020\/12\/gavel-3575414_1920.jpg 1913w, https:\/\/www.jabinandfleming.com\/wp-content\/uploads\/2020\/12\/gavel-3575414_1920-300x109.jpg 300w, https:\/\/www.jabinandfleming.com\/wp-content\/uploads\/2020\/12\/gavel-3575414_1920-1024x373.jpg 1024w, https:\/\/www.jabinandfleming.com\/wp-content\/uploads\/2020\/12\/gavel-3575414_1920-768x279.jpg 768w, https:\/\/www.jabinandfleming.com\/wp-content\/uploads\/2020\/12\/gavel-3575414_1920-1536x559.jpg 1536w\" sizes=\"auto, (max-width: 1913px) 100vw, 1913px\" \/><\/div>\n\t\t<\/figure>\n\t<\/div>\n<\/div><\/div><\/div><\/div>","protected":false},"excerpt":{"rendered":"Chris me represent\u00f3 por un incidente que ocurri\u00f3 el a\u00f1o pasado. \u00c9l fue incre\u00edble. Tengo los cargos desestimados. \u00a1Lo recomiendo totalmente!","protected":false},"author":1,"featured_media":0,"parent":0,"menu_order":0,"comment_status":"closed","ping_status":"closed","template":"","meta":{"footnotes":""},"class_list":["post-2","page","type-page","status-publish","hentry","entry","no-media"],"yoast_head":"<!-- This site is optimized with the Yoast SEO plugin v26.5 - https:\/\/yoast.com\/wordpress\/plugins\/seo\/ -->\n<title>Home - Jabin &amp; Fleming<\/title>\n<meta name=\"robots\" content=\"index, follow, max-snippet:-1, max-image-preview:large, max-video-preview:-1\" \/>\n<link rel=\"canonical\" href=\"https:\/\/www.jabinandfleming.com\/es\/\" \/>\n<meta property=\"og:locale\" content=\"es_ES\" \/>\n<meta property=\"og:type\" content=\"article\" \/>\n<meta property=\"og:title\" content=\"Home - Jabin &amp; Fleming\" \/>\n<meta property=\"og:url\" content=\"https:\/\/www.jabinandfleming.com\/es\/\" \/>\n<meta property=\"og:site_name\" content=\"Jabin &amp; Fleming\" \/>\n<meta property=\"article:modified_time\" content=\"2020-12-17T22:19:41+00:00\" \/>\n<meta property=\"og:image\" content=\"https:\/\/www.jabinandfleming.com\/wp-content\/uploads\/2020\/12\/jabinfleming-logo-update.png\" \/>\n\t<meta property=\"og:image:width\" content=\"300\" \/>\n\t<meta property=\"og:image:height\" content=\"50\" \/>\n\t<meta property=\"og:image:type\" content=\"image\/png\" \/>\n<meta name=\"twitter:card\" content=\"summary_large_image\" \/>\n<meta name=\"twitter:label1\" content=\"Tiempo de lectura\" \/>\n\t<meta name=\"twitter:data1\" content=\"3 minutos\" \/>\n<script type=\"application\/ld+json\" class=\"yoast-schema-graph\">{\"@context\":\"https:\/\/schema.org\",\"@graph\":[{\"@type\":\"WebPage\",\"@id\":\"https:\/\/www.jabinandfleming.com\/\",\"url\":\"https:\/\/www.jabinandfleming.com\/\",\"name\":\"Home - Jabin &amp; Fleming\",\"isPartOf\":{\"@id\":\"https:\/\/www.jabinandfleming.com\/#website\"},\"datePublished\":\"2015-10-03T19:59:44+00:00\",\"dateModified\":\"2020-12-17T22:19:41+00:00\",\"breadcrumb\":{\"@id\":\"https:\/\/www.jabinandfleming.com\/#breadcrumb\"},\"inLanguage\":\"es\",\"potentialAction\":[{\"@type\":\"ReadAction\",\"target\":[\"https:\/\/www.jabinandfleming.com\/\"]}]},{\"@type\":\"BreadcrumbList\",\"@id\":\"https:\/\/www.jabinandfleming.com\/#breadcrumb\",\"itemListElement\":[{\"@type\":\"ListItem\",\"position\":1,\"name\":\"Home\",\"item\":\"https:\/\/www.jabinandfleming.com\/\"},{\"@type\":\"ListItem\",\"position\":2,\"name\":\"Home\"}]},{\"@type\":\"WebSite\",\"@id\":\"https:\/\/www.jabinandfleming.com\/#website\",\"url\":\"https:\/\/www.jabinandfleming.com\/\",\"name\":\"Jabin &amp; Fleming\",\"description\":\"Local Attorneys here to help.\",\"publisher\":{\"@id\":\"https:\/\/www.jabinandfleming.com\/#organization\"},\"potentialAction\":[{\"@type\":\"SearchAction\",\"target\":{\"@type\":\"EntryPoint\",\"urlTemplate\":\"https:\/\/www.jabinandfleming.com\/?s={search_term_string}\"},\"query-input\":{\"@type\":\"PropertyValueSpecification\",\"valueRequired\":true,\"valueName\":\"search_term_string\"}}],\"inLanguage\":\"es\"},{\"@type\":\"Organization\",\"@id\":\"https:\/\/www.jabinandfleming.com\/#organization\",\"name\":\"Jabin & Fleming\",\"url\":\"https:\/\/www.jabinandfleming.com\/\",\"logo\":{\"@type\":\"ImageObject\",\"inLanguage\":\"es\",\"@id\":\"https:\/\/www.jabinandfleming.com\/#\/schema\/logo\/image\/\",\"url\":\"https:\/\/www.jabinandfleming.com\/wp-content\/uploads\/2020\/12\/jabinfleming-logo-update.png\",\"contentUrl\":\"https:\/\/www.jabinandfleming.com\/wp-content\/uploads\/2020\/12\/jabinfleming-logo-update.png\",\"width\":300,\"height\":50,\"caption\":\"Jabin & Fleming\"},\"image\":{\"@id\":\"https:\/\/www.jabinandfleming.com\/#\/schema\/logo\/image\/\"},\"sameAs\":[\"https:\/\/www.linkedin.com\/in\/christianpfleming\/\"]}]}<\/script>\n<!-- \/ Yoast SEO plugin. -->","yoast_head_json":{"title":"Home - Jabin &amp; Fleming","robots":{"index":"index","follow":"follow","max-snippet":"max-snippet:-1","max-image-preview":"max-image-preview:large","max-video-preview":"max-video-preview:-1"},"canonical":"https:\/\/www.jabinandfleming.com\/es\/","og_locale":"es_ES","og_type":"article","og_title":"Home - Jabin &amp; Fleming","og_url":"https:\/\/www.jabinandfleming.com\/es\/","og_site_name":"Jabin &amp; Fleming","article_modified_time":"2020-12-17T22:19:41+00:00","og_image":[{"width":300,"height":50,"url":"https:\/\/www.jabinandfleming.com\/wp-content\/uploads\/2020\/12\/jabinfleming-logo-update.png","type":"image\/png"}],"twitter_card":"summary_large_image","twitter_misc":{"Tiempo de lectura":"3 minutos"},"schema":{"@context":"https:\/\/schema.org","@graph":[{"@type":"WebPage","@id":"https:\/\/www.jabinandfleming.com\/","url":"https:\/\/www.jabinandfleming.com\/","name":"Home - Jabin &amp; Fleming","isPartOf":{"@id":"https:\/\/www.jabinandfleming.com\/#website"},"datePublished":"2015-10-03T19:59:44+00:00","dateModified":"2020-12-17T22:19:41+00:00","breadcrumb":{"@id":"https:\/\/www.jabinandfleming.com\/#breadcrumb"},"inLanguage":"es","potentialAction":[{"@type":"ReadAction","target":["https:\/\/www.jabinandfleming.com\/"]}]},{"@type":"BreadcrumbList","@id":"https:\/\/www.jabinandfleming.com\/#breadcrumb","itemListElement":[{"@type":"ListItem","position":1,"name":"Home","item":"https:\/\/www.jabinandfleming.com\/"},{"@type":"ListItem","position":2,"name":"Home"}]},{"@type":"WebSite","@id":"https:\/\/www.jabinandfleming.com\/#website","url":"https:\/\/www.jabinandfleming.com\/","name":"Jabin &amp; Fleming","description":"Local Attorneys here to help.","publisher":{"@id":"https:\/\/www.jabinandfleming.com\/#organization"},"potentialAction":[{"@type":"SearchAction","target":{"@type":"EntryPoint","urlTemplate":"https:\/\/www.jabinandfleming.com\/?s={search_term_string}"},"query-input":{"@type":"PropertyValueSpecification","valueRequired":true,"valueName":"search_term_string"}}],"inLanguage":"es"},{"@type":"Organization","@id":"https:\/\/www.jabinandfleming.com\/#organization","name":"Jabin & Fleming","url":"https:\/\/www.jabinandfleming.com\/","logo":{"@type":"ImageObject","inLanguage":"es","@id":"https:\/\/www.jabinandfleming.com\/#\/schema\/logo\/image\/","url":"https:\/\/www.jabinandfleming.com\/wp-content\/uploads\/2020\/12\/jabinfleming-logo-update.png","contentUrl":"https:\/\/www.jabinandfleming.com\/wp-content\/uploads\/2020\/12\/jabinfleming-logo-update.png","width":300,"height":50,"caption":"Jabin & Fleming"},"image":{"@id":"https:\/\/www.jabinandfleming.com\/#\/schema\/logo\/image\/"},"sameAs":["https:\/\/www.linkedin.com\/in\/christianpfleming\/"]}]}},"_links":{"self":[{"href":"https:\/\/www.jabinandfleming.com\/es\/wp-json\/wp\/v2\/pages\/2","targetHints":{"allow":["GET"]}}],"collection":[{"href":"https:\/\/www.jabinandfleming.com\/es\/wp-json\/wp\/v2\/pages"}],"about":[{"href":"https:\/\/www.jabinandfleming.com\/es\/wp-json\/wp\/v2\/types\/page"}],"author":[{"embeddable":true,"href":"https:\/\/www.jabinandfleming.com\/es\/wp-json\/wp\/v2\/users\/1"}],"replies":[{"embeddable":true,"href":"https:\/\/www.jabinandfleming.com\/es\/wp-json\/wp\/v2\/comments?post=2"}],"version-history":[{"count":10,"href":"https:\/\/www.jabinandfleming.com\/es\/wp-json\/wp\/v2\/pages\/2\/revisions"}],"predecessor-version":[{"id":328,"href":"https:\/\/www.jabinandfleming.com\/es\/wp-json\/wp\/v2\/pages\/2\/revisions\/328"}],"wp:attachment":[{"href":"https:\/\/www.jabinandfleming.com\/es\/wp-json\/wp\/v2\/media?parent=2"}],"curies":[{"name":"wp","href":"https:\/\/api.w.org\/{rel}","templated":true}]}}